{"id":1382,"date":"2025-03-13T13:06:03","date_gmt":"2025-03-13T12:06:03","guid":{"rendered":"https:\/\/gagospain.com\/?post_type=product&#038;p=1382"},"modified":"2025-04-21T13:03:46","modified_gmt":"2025-04-21T11:03:46","slug":"monedero-peil-color-cuero-grano","status":"publish","type":"product","link":"https:\/\/gagospain.com\/en\/product\/monedero-peil-color-cuero-grano\/","title":{"rendered":"Grain leather wallet"},"content":{"rendered":"","protected":false},"excerpt":{"rendered":"<p>FREE SHIPPING<\/p>\n<p>Monedero fabricado en piel de ternera por nuestros expertos artesanos en Ubrique, Espa\u00f1a. Perfeto para no tener que llevar tus monedas sueltas en los<br \/>\nbolsillos, tambi\u00e9n vale para guardar tarjetas. Cuenta con 2 bolsillos con cremallera YKK en la parte delantera y superior. Adem\u00e1s incluye un llavero met\u00e1lico en el interior para tus llaves.<\/p>\n<h4>Characteristics:<\/h4>\n<p>\u2714 Alto x Ancho x Fondo: 8 x 10,5 x 1,5 cm.<br \/>\n\u2714 Premium vegetable-tanned calfskin from Italy and certified sustainable by the Leather Working Group (LWG)<br \/>\n\u2714 Bordes de cuero cortados y cosidos artesanalmente.<br \/>\n\u2714 Fondo exterior de piel premium de ternera color cuero con grano.<br \/>\n\u2714 Forro interior acr\u00edlico de color cuero con grano.<\/p>","protected":false},"featured_media":1332,"template":"","meta":{"_monsterinsights_skip_tracking":false,"_monsterinsights_sitenote_active":false,"_monsterinsights_sitenote_note":"","_monsterinsights_sitenote_category":0,"_joinchat":[]},"product_brand":[32],"product_cat":[66],"product_tag":[71,72,43],"class_list":{"0":"post-1382","1":"product","2":"type-product","3":"status-publish","4":"has-post-thumbnail","6":"product_brand-gago-spain","7":"product_cat-monedero","8":"product_tag-cuero","9":"product_tag-grano","10":"product_tag-monedero","12":"entry","13":"has-media","15":"first","16":"instock","17":"taxable","18":"shipping-taxable","19":"purchasable","20":"product-type-simple","21":"has-product-nav","22":"col","23":"span_1_of_4","24":"owp-content-left","25":"owp-thumbs-layout-horizontal","26":"owp-btn-normal","27":"owp-tabs-layout-horizontal"},"_links":{"self":[{"href":"https:\/\/gagospain.com\/en\/wp-json\/wp\/v2\/product\/1382","targetHints":{"allow":["GET"]}}],"collection":[{"href":"https:\/\/gagospain.com\/en\/wp-json\/wp\/v2\/product"}],"about":[{"href":"https:\/\/gagospain.com\/en\/wp-json\/wp\/v2\/types\/product"}],"wp:featuredmedia":[{"embeddable":true,"href":"https:\/\/gagospain.com\/en\/wp-json\/wp\/v2\/media\/1332"}],"wp:attachment":[{"href":"https:\/\/gagospain.com\/en\/wp-json\/wp\/v2\/media?parent=1382"}],"wp:term":[{"taxonomy":"product_brand","embeddable":true,"href":"https:\/\/gagospain.com\/en\/wp-json\/wp\/v2\/product_brand?post=1382"},{"taxonomy":"product_cat","embeddable":true,"href":"https:\/\/gagospain.com\/en\/wp-json\/wp\/v2\/product_cat?post=1382"},{"taxonomy":"product_tag","embeddable":true,"href":"https:\/\/gagospain.com\/en\/wp-json\/wp\/v2\/product_tag?post=1382"}],"curies":[{"name":"wp","href":"https:\/\/api.w.org\/{rel}","templated":true}]}}