{"id":1383,"date":"2025-03-13T13:07:40","date_gmt":"2025-03-13T12:07:40","guid":{"rendered":"https:\/\/gagospain.com\/?post_type=product&#038;p=1383"},"modified":"2025-04-21T13:03:29","modified_gmt":"2025-04-21T11:03:29","slug":"monedero-peil-color-cuero","status":"publish","type":"product","link":"https:\/\/gagospain.com\/en\/product\/monedero-peil-color-cuero\/","title":{"rendered":"Leather wallet in tan leather"},"content":{"rendered":"","protected":false},"excerpt":{"rendered":"<p>FREE SHIPPING<\/p>\n<p>Monedero fabricado en piel de ternera por nuestros expertos artesanos en Ubrique, Espa\u00f1a. Perfeto para no tener que llevar tus monedas sueltas en los<br \/>\nbolsillos, tambi\u00e9n vale para guardar tarjetas. Cuenta con 2 bolsillos con cremallera YKK en la parte delantera y superior. Adem\u00e1s incluye un llavero met\u00e1lico en el interior para tus llaves.<\/p>\n<h4>Characteristics:<\/h4>\n<p>\u2714 Alto x Ancho x Fondo: 8 x 10,5 x 1,5 cm.<br \/>\n\u2714 Premium vegetable-tanned calfskin from Italy and certified sustainable by the Leather Working Group (LWG)<br \/>\n\u2714 Bordes de cuero cortados y cosidos artesanalmente.<br \/>\n\u2714 Premium calf leather outer bottom in tan leather.<br \/>\n\u2714 Leather-coloured acrylic inner lining.<\/p>","protected":false},"featured_media":1336,"template":"","meta":{"_monsterinsights_skip_tracking":false,"_monsterinsights_sitenote_active":false,"_monsterinsights_sitenote_note":"","_monsterinsights_sitenote_category":0,"_joinchat":[]},"product_brand":[32],"product_cat":[66],"product_tag":[71,43],"class_list":{"0":"post-1383","1":"product","2":"type-product","3":"status-publish","4":"has-post-thumbnail","6":"product_brand-gago-spain","7":"product_cat-monedero","8":"product_tag-cuero","9":"product_tag-monedero","11":"entry","12":"has-media","14":"first","15":"instock","16":"taxable","17":"shipping-taxable","18":"purchasable","19":"product-type-simple","20":"has-product-nav","21":"col","22":"span_1_of_4","23":"owp-content-left","24":"owp-thumbs-layout-horizontal","25":"owp-btn-normal","26":"owp-tabs-layout-horizontal"},"_links":{"self":[{"href":"https:\/\/gagospain.com\/en\/wp-json\/wp\/v2\/product\/1383","targetHints":{"allow":["GET"]}}],"collection":[{"href":"https:\/\/gagospain.com\/en\/wp-json\/wp\/v2\/product"}],"about":[{"href":"https:\/\/gagospain.com\/en\/wp-json\/wp\/v2\/types\/product"}],"wp:featuredmedia":[{"embeddable":true,"href":"https:\/\/gagospain.com\/en\/wp-json\/wp\/v2\/media\/1336"}],"wp:attachment":[{"href":"https:\/\/gagospain.com\/en\/wp-json\/wp\/v2\/media?parent=1383"}],"wp:term":[{"taxonomy":"product_brand","embeddable":true,"href":"https:\/\/gagospain.com\/en\/wp-json\/wp\/v2\/product_brand?post=1383"},{"taxonomy":"product_cat","embeddable":true,"href":"https:\/\/gagospain.com\/en\/wp-json\/wp\/v2\/product_cat?post=1383"},{"taxonomy":"product_tag","embeddable":true,"href":"https:\/\/gagospain.com\/en\/wp-json\/wp\/v2\/product_tag?post=1383"}],"curies":[{"name":"wp","href":"https:\/\/api.w.org\/{rel}","templated":true}]}}