{"id":2022,"date":"2025-08-29T13:46:11","date_gmt":"2025-08-29T11:46:11","guid":{"rendered":"https:\/\/gagospain.com\/?post_type=product&#038;p=2022"},"modified":"2025-10-07T16:53:35","modified_gmt":"2025-10-07T14:53:35","slug":"mini-bowling-25-black","status":"publish","type":"product","link":"https:\/\/gagospain.com\/en\/product\/mini-bowling-25-black\/","title":{"rendered":"Mini Bowgling 25\u2019 Black"},"content":{"rendered":"","protected":false},"excerpt":{"rendered":"<p>FREE SHIPPING<\/p>\n<p>El bolso MINI BOWGLING 25\u2019 BLACK es un bolso funcional con forma de maleta y distintivas asas superiores adem\u00e1s de hebillas colgantes. Esta versi\u00f3n est\u00e1 confeccionada en suave piel de ternera graneada hecho artesanalmente.<\/p>\n<p>NO Apto para un ordenador port\u00e1til de 13\u2019\u2019 hasta 17\u2019\u2019<br \/>\nPara llevarlo en la mano, o de bandolera.<br \/>\nEs perfecto para viajes.<br \/>\nBandolera de algod\u00f3n ajustable.<br \/>\nCierre exterior con cremallera a tono.<br \/>\nInterior en algod\u00f3n 100% con anagrama.<\/p>\n<h4>Characteristics:<\/h4>\n<p><img decoding=\"async\" class=\"emoji\" role=\"img\" draggable=\"false\" src=\"https:\/\/s.w.org\/images\/core\/emoji\/15.1.0\/svg\/2714.svg\" alt=\"\u2714\" \/>\u00a0Color &#8211; Black<br \/>\n<img decoding=\"async\" class=\"emoji\" role=\"img\" draggable=\"false\" src=\"https:\/\/s.w.org\/images\/core\/emoji\/15.1.0\/svg\/2714.svg\" alt=\"\u2714\" \/> Color met\u00e1lico &#8211; Oro envejecido<br \/>\n<img decoding=\"async\" class=\"emoji\" role=\"img\" draggable=\"false\" src=\"https:\/\/s.w.org\/images\/core\/emoji\/15.1.0\/svg\/2714.svg\" alt=\"\u2714\" \/> Material principal\u00a0\u00a0 &#8211; Suave Piel De Ternera Graneada<br \/>\n<img decoding=\"async\" class=\"emoji\" role=\"img\" draggable=\"false\" src=\"https:\/\/s.w.org\/images\/core\/emoji\/15.1.0\/svg\/2714.svg\" alt=\"\u2714\" \/> Longitud de asa. &#8211; 13cm &#8211; 35 cm<br \/>\n<img decoding=\"async\" class=\"emoji\" role=\"img\" draggable=\"false\" src=\"https:\/\/s.w.org\/images\/core\/emoji\/15.1.0\/svg\/2714.svg\" alt=\"\u2714\" \/> Alto &#8211; 29 cm<br \/>\n<img decoding=\"async\" class=\"emoji\" role=\"img\" draggable=\"false\" src=\"https:\/\/s.w.org\/images\/core\/emoji\/15.1.0\/svg\/2714.svg\" alt=\"\u2714\" \/> Ancho &#8211; 25 cm<br \/>\n<img decoding=\"async\" class=\"emoji\" role=\"img\" draggable=\"false\" src=\"https:\/\/s.w.org\/images\/core\/emoji\/15.1.0\/svg\/2714.svg\" alt=\"\u2714\" \/> Fondo &#8211; 11 cm<\/p>\n<p>Fabricado en Espa\u00f1a<\/p>","protected":false},"featured_media":2037,"template":"","meta":{"_monsterinsights_skip_tracking":false,"_monsterinsights_sitenote_active":false,"_monsterinsights_sitenote_note":"","_monsterinsights_sitenote_category":0,"_joinchat":[]},"product_brand":[32],"product_cat":[97],"product_tag":[28,37,26,100,99,31],"class_list":{"0":"post-2022","1":"product","2":"type-product","3":"status-publish","4":"has-post-thumbnail","6":"product_brand-gago-spain","7":"product_cat-bolsos-bowling","8":"product_tag-bag","9":"product_tag-black","10":"product_tag-bolso","11":"product_tag-bolso-bowling","12":"product_tag-bowling","13":"product_tag-negro","15":"entry","16":"has-media","18":"first","19":"instock","20":"taxable","21":"shipping-taxable","22":"purchasable","23":"product-type-simple","24":"has-product-nav","25":"col","26":"span_1_of_4","27":"owp-content-left","28":"owp-thumbs-layout-horizontal","29":"owp-btn-normal","30":"owp-tabs-layout-horizontal"},"_links":{"self":[{"href":"https:\/\/gagospain.com\/en\/wp-json\/wp\/v2\/product\/2022","targetHints":{"allow":["GET"]}}],"collection":[{"href":"https:\/\/gagospain.com\/en\/wp-json\/wp\/v2\/product"}],"about":[{"href":"https:\/\/gagospain.com\/en\/wp-json\/wp\/v2\/types\/product"}],"wp:featuredmedia":[{"embeddable":true,"href":"https:\/\/gagospain.com\/en\/wp-json\/wp\/v2\/media\/2037"}],"wp:attachment":[{"href":"https:\/\/gagospain.com\/en\/wp-json\/wp\/v2\/media?parent=2022"}],"wp:term":[{"taxonomy":"product_brand","embeddable":true,"href":"https:\/\/gagospain.com\/en\/wp-json\/wp\/v2\/product_brand?post=2022"},{"taxonomy":"product_cat","embeddable":true,"href":"https:\/\/gagospain.com\/en\/wp-json\/wp\/v2\/product_cat?post=2022"},{"taxonomy":"product_tag","embeddable":true,"href":"https:\/\/gagospain.com\/en\/wp-json\/wp\/v2\/product_tag?post=2022"}],"curies":[{"name":"wp","href":"https:\/\/api.w.org\/{rel}","templated":true}]}}