{"id":2027,"date":"2025-08-29T13:46:41","date_gmt":"2025-08-29T11:46:41","guid":{"rendered":"https:\/\/gagospain.com\/?post_type=product&#038;p=2027"},"modified":"2025-10-07T16:51:47","modified_gmt":"2025-10-07T14:51:47","slug":"tote-bag-ratan-negro","status":"publish","type":"product","link":"https:\/\/gagospain.com\/en\/product\/tote-bag-ratan-negro\/","title":{"rendered":"Tote Bag Rat\u00e1n Black"},"content":{"rendered":"","protected":false},"excerpt":{"rendered":"<p>FREE SHIPPING<\/p>\n<p>El bolso <strong>TOTE BAG RAT\u00c1N COLOR BLACK<\/strong> tote es un bolso funcional con forma de cesta y distintivas asas superiores con hebillas colgantes. Esta versi\u00f3n est\u00e1 confeccionada en suave piel de ternera graneada y material de rat\u00e1n hecho a mano.<\/p>\n<p>Apto para un ordenador port\u00e1til de 13\u2019\u2019 hasta 17\u2019\u2019<br \/>\nPara llevarlo al hombro, en la mano, o de bandolera.<br \/>\nTiene las 3 posiciones.<br \/>\nBandolera de algod\u00f3n ajustable.<br \/>\nCierre en el interior met\u00e1lico con hebilla.<br \/>\nInterior en suave piel de ternera.<\/p>\n<h4>Characteristics:<\/h4>\n<p><img decoding=\"async\" class=\"emoji\" role=\"img\" draggable=\"false\" src=\"https:\/\/s.w.org\/images\/core\/emoji\/15.1.0\/svg\/2714.svg\" alt=\"\u2714\" \/>\u00a0Color &#8211; Blanck<br \/>\n<img decoding=\"async\" class=\"emoji\" role=\"img\" draggable=\"false\" src=\"https:\/\/s.w.org\/images\/core\/emoji\/15.1.0\/svg\/2714.svg\" alt=\"\u2714\" \/> Color met\u00e1lico &#8211; Oro envejecido<br \/>\n<img decoding=\"async\" class=\"emoji\" role=\"img\" draggable=\"false\" src=\"https:\/\/s.w.org\/images\/core\/emoji\/15.1.0\/svg\/2714.svg\" alt=\"\u2714\" \/> Material principal\u00a0\u00a0 &#8211; Rat\u00e1n y suave Piel De Ternera Graneada<br \/>\n<img decoding=\"async\" class=\"emoji\" role=\"img\" draggable=\"false\" src=\"https:\/\/s.w.org\/images\/core\/emoji\/15.1.0\/svg\/2714.svg\" alt=\"\u2714\" \/> Longitud de asa. &#8211; 20cm &#8211; 55 cm<br \/>\n<img decoding=\"async\" class=\"emoji\" role=\"img\" draggable=\"false\" src=\"https:\/\/s.w.org\/images\/core\/emoji\/15.1.0\/svg\/2714.svg\" alt=\"\u2714\" \/> Alto &#8211; 38 cm<br \/>\n<img decoding=\"async\" class=\"emoji\" role=\"img\" draggable=\"false\" src=\"https:\/\/s.w.org\/images\/core\/emoji\/15.1.0\/svg\/2714.svg\" alt=\"\u2714\" \/> Ancho &#8211; 35 cm<br \/>\n<img decoding=\"async\" class=\"emoji\" role=\"img\" draggable=\"false\" src=\"https:\/\/s.w.org\/images\/core\/emoji\/15.1.0\/svg\/2714.svg\" alt=\"\u2714\" \/>Fondo &#8211; 17 cm<\/p>\n<p>Fabricado en Espa\u00f1a<\/p>","protected":false},"featured_media":2029,"template":"","meta":{"_monsterinsights_skip_tracking":false,"_monsterinsights_sitenote_active":false,"_monsterinsights_sitenote_note":"","_monsterinsights_sitenote_category":0,"_joinchat":[]},"product_brand":[32],"product_cat":[96,25],"product_tag":[],"class_list":{"0":"post-2027","1":"product","2":"type-product","3":"status-publish","4":"has-post-thumbnail","6":"product_brand-gago-spain","7":"product_cat-bolsos-ratan","8":"product_cat-bolsos-tote","10":"entry","11":"has-media","13":"first","14":"instock","15":"taxable","16":"shipping-taxable","17":"purchasable","18":"product-type-simple","19":"has-product-nav","20":"col","21":"span_1_of_4","22":"owp-content-left","23":"owp-thumbs-layout-horizontal","24":"owp-btn-normal","25":"owp-tabs-layout-horizontal"},"_links":{"self":[{"href":"https:\/\/gagospain.com\/en\/wp-json\/wp\/v2\/product\/2027","targetHints":{"allow":["GET"]}}],"collection":[{"href":"https:\/\/gagospain.com\/en\/wp-json\/wp\/v2\/product"}],"about":[{"href":"https:\/\/gagospain.com\/en\/wp-json\/wp\/v2\/types\/product"}],"wp:featuredmedia":[{"embeddable":true,"href":"https:\/\/gagospain.com\/en\/wp-json\/wp\/v2\/media\/2029"}],"wp:attachment":[{"href":"https:\/\/gagospain.com\/en\/wp-json\/wp\/v2\/media?parent=2027"}],"wp:term":[{"taxonomy":"product_brand","embeddable":true,"href":"https:\/\/gagospain.com\/en\/wp-json\/wp\/v2\/product_brand?post=2027"},{"taxonomy":"product_cat","embeddable":true,"href":"https:\/\/gagospain.com\/en\/wp-json\/wp\/v2\/product_cat?post=2027"},{"taxonomy":"product_tag","embeddable":true,"href":"https:\/\/gagospain.com\/en\/wp-json\/wp\/v2\/product_tag?post=2027"}],"curies":[{"name":"wp","href":"https:\/\/api.w.org\/{rel}","templated":true}]}}